{"id":77,"date":"2021-12-13T15:40:55","date_gmt":"2021-12-13T15:40:55","guid":{"rendered":"https:\/\/kadence.pixel-show.com\/wooden-craft\/?post_type=product&#038;p=77"},"modified":"2026-01-24T23:27:15","modified_gmt":"2026-01-24T23:27:15","slug":"suite","status":"publish","type":"product","link":"https:\/\/mfmagalhaes.com.br\/localparaevento\/acomodacoes\/suite\/","title":{"rendered":"Su\u00edte"},"content":{"rendered":"<p>Su\u00edte com beliche, cama de casal e janela com vista para a entrada do sal\u00e3o.<\/p>\n","protected":false},"excerpt":{"rendered":"<p>Su\u00edte ampla com beliche, cama de casal e janela com vista para a entrada do sal\u00e3o. Banheiro com chuveiro aquecido e sanit\u00e1rio com estofado.<\/p>\n","protected":false},"featured_media":1529,"comment_status":"open","ping_status":"closed","template":"","meta":{"pagelayer_contact_templates":[],"_pagelayer_content":"","_kadence_starter_templates_imported_post":true,"_kad_post_transparent":"default","_kad_post_title":"","_kad_post_layout":"default","_kad_post_sidebar_id":"","_kad_post_content_style":"default","_kad_post_vertical_padding":"default","_kad_post_feature":"","_kad_post_feature_position":"","_kad_post_header":false,"_kad_post_footer":false,"_kad_post_classname":""},"product_brand":[],"product_cat":[32,28],"product_tag":[],"class_list":{"0":"post-77","1":"product","2":"type-product","3":"status-publish","4":"has-post-thumbnail","6":"product_cat-casa","7":"product_cat-dormitorios","9":"first","10":"instock","11":"shipping-taxable","12":"product-type-simple","13":"entry","14":"content-bg","15":"loop-entry"},"yoast_head":"<!-- This site is optimized with the Yoast SEO plugin v27.2 - https:\/\/yoast.com\/product\/yoast-seo-wordpress\/ -->\n<title>Su\u00edte - Ch\u00e1cara dos Magalh\u00e3es<\/title>\n<meta name=\"description\" content=\"Su\u00edte com beliche, cama de casal e janela com vista para a entrada do sal\u00e3o.\" \/>\n<meta name=\"robots\" content=\"index, follow, max-snippet:-1, max-image-preview:large, max-video-preview:-1\" \/>\n<link rel=\"canonical\" href=\"https:\/\/mfmagalhaes.com.br\/localparaevento\/acomodacoes\/suite\/\" \/>\n<meta property=\"og:locale\" content=\"pt_BR\" \/>\n<meta property=\"og:type\" content=\"article\" \/>\n<meta property=\"og:title\" content=\"Su\u00edte - Ch\u00e1cara dos Magalh\u00e3es\" \/>\n<meta property=\"og:description\" content=\"Su\u00edte com beliche, cama de casal e janela com vista para a entrada do sal\u00e3o.\" \/>\n<meta property=\"og:url\" content=\"https:\/\/mfmagalhaes.com.br\/localparaevento\/acomodacoes\/suite\/\" \/>\n<meta property=\"og:site_name\" content=\"Ch\u00e1cara dos Magalh\u00e3es\" \/>\n<meta property=\"article:modified_time\" content=\"2026-01-24T23:27:15+00:00\" \/>\n<meta property=\"og:image\" content=\"https:\/\/mfmagalhaes.com.br\/localparaevento\/wp-content\/uploads\/2021\/12\/suite.jpeg\" \/>\n\t<meta property=\"og:image:width\" content=\"1600\" \/>\n\t<meta property=\"og:image:height\" content=\"900\" \/>\n\t<meta property=\"og:image:type\" content=\"image\/jpeg\" \/>\n<meta name=\"twitter:card\" content=\"summary_large_image\" \/>\n<meta name=\"twitter:label1\" content=\"Est. tempo de leitura\" \/>\n\t<meta name=\"twitter:data1\" content=\"1 minuto\" \/>\n<script type=\"application\/ld+json\" class=\"yoast-schema-graph\">{\"@context\":\"https:\/\/schema.org\",\"@graph\":[{\"@type\":\"WebPage\",\"@id\":\"https:\/\/mfmagalhaes.com.br\/localparaevento\/acomodacoes\/suite\/\",\"url\":\"https:\/\/mfmagalhaes.com.br\/localparaevento\/acomodacoes\/suite\/\",\"name\":\"Su\u00edte - Ch\u00e1cara dos Magalh\u00e3es\",\"isPartOf\":{\"@id\":\"https:\/\/mfmagalhaes.com.br\/localparaevento\/#website\"},\"primaryImageOfPage\":{\"@id\":\"https:\/\/mfmagalhaes.com.br\/localparaevento\/acomodacoes\/suite\/#primaryimage\"},\"image\":{\"@id\":\"https:\/\/mfmagalhaes.com.br\/localparaevento\/acomodacoes\/suite\/#primaryimage\"},\"thumbnailUrl\":\"https:\/\/mfmagalhaes.com.br\/localparaevento\/wp-content\/uploads\/2021\/12\/suite.jpeg\",\"datePublished\":\"2021-12-13T15:40:55+00:00\",\"dateModified\":\"2026-01-24T23:27:15+00:00\",\"description\":\"Su\u00edte com beliche, cama de casal e janela com vista para a entrada do sal\u00e3o.\",\"breadcrumb\":{\"@id\":\"https:\/\/mfmagalhaes.com.br\/localparaevento\/acomodacoes\/suite\/#breadcrumb\"},\"inLanguage\":\"pt-BR\",\"potentialAction\":[{\"@type\":\"ReadAction\",\"target\":[\"https:\/\/mfmagalhaes.com.br\/localparaevento\/acomodacoes\/suite\/\"]}]},{\"@type\":\"ImageObject\",\"inLanguage\":\"pt-BR\",\"@id\":\"https:\/\/mfmagalhaes.com.br\/localparaevento\/acomodacoes\/suite\/#primaryimage\",\"url\":\"https:\/\/mfmagalhaes.com.br\/localparaevento\/wp-content\/uploads\/2021\/12\/suite.jpeg\",\"contentUrl\":\"https:\/\/mfmagalhaes.com.br\/localparaevento\/wp-content\/uploads\/2021\/12\/suite.jpeg\",\"width\":1600,\"height\":900},{\"@type\":\"BreadcrumbList\",\"@id\":\"https:\/\/mfmagalhaes.com.br\/localparaevento\/acomodacoes\/suite\/#breadcrumb\",\"itemListElement\":[{\"@type\":\"ListItem\",\"position\":1,\"name\":\"Home\",\"item\":\"https:\/\/mfmagalhaes.com.br\/localparaevento\/\"},{\"@type\":\"ListItem\",\"position\":2,\"name\":\"Informativos\",\"item\":\"https:\/\/mfmagalhaes.com.br\/localparaevento\/informativos\/\"},{\"@type\":\"ListItem\",\"position\":3,\"name\":\"Su\u00edte\"}]},{\"@type\":\"WebSite\",\"@id\":\"https:\/\/mfmagalhaes.com.br\/localparaevento\/#website\",\"url\":\"https:\/\/mfmagalhaes.com.br\/localparaevento\/\",\"name\":\"Ch\u00e1cara dos Magalh\u00e3es\",\"description\":\"O seu local para evento e lazer\",\"publisher\":{\"@id\":\"https:\/\/mfmagalhaes.com.br\/localparaevento\/#organization\"},\"potentialAction\":[{\"@type\":\"SearchAction\",\"target\":{\"@type\":\"EntryPoint\",\"urlTemplate\":\"https:\/\/mfmagalhaes.com.br\/localparaevento\/?s={search_term_string}\"},\"query-input\":{\"@type\":\"PropertyValueSpecification\",\"valueRequired\":true,\"valueName\":\"search_term_string\"}}],\"inLanguage\":\"pt-BR\"},{\"@type\":\"Organization\",\"@id\":\"https:\/\/mfmagalhaes.com.br\/localparaevento\/#organization\",\"name\":\"Ch\u00e1cara dos Magalh\u00e3es\",\"url\":\"https:\/\/mfmagalhaes.com.br\/localparaevento\/\",\"logo\":{\"@type\":\"ImageObject\",\"inLanguage\":\"pt-BR\",\"@id\":\"https:\/\/mfmagalhaes.com.br\/localparaevento\/#\/schema\/logo\/image\/\",\"url\":\"https:\/\/mfmagalhaes.com.br\/localparaevento\/wp-content\/uploads\/2026\/01\/cropped-cropped-projeto-do-molde-do-logotipo_1222-851.jpg\",\"contentUrl\":\"https:\/\/mfmagalhaes.com.br\/localparaevento\/wp-content\/uploads\/2026\/01\/cropped-cropped-projeto-do-molde-do-logotipo_1222-851.jpg\",\"width\":512,\"height\":512,\"caption\":\"Ch\u00e1cara dos Magalh\u00e3es\"},\"image\":{\"@id\":\"https:\/\/mfmagalhaes.com.br\/localparaevento\/#\/schema\/logo\/image\/\"}}]}<\/script>\n<!-- \/ Yoast SEO plugin. -->","yoast_head_json":{"title":"Su\u00edte - Ch\u00e1cara dos Magalh\u00e3es","description":"Su\u00edte com beliche, cama de casal e janela com vista para a entrada do sal\u00e3o.","robots":{"index":"index","follow":"follow","max-snippet":"max-snippet:-1","max-image-preview":"max-image-preview:large","max-video-preview":"max-video-preview:-1"},"canonical":"https:\/\/mfmagalhaes.com.br\/localparaevento\/acomodacoes\/suite\/","og_locale":"pt_BR","og_type":"article","og_title":"Su\u00edte - Ch\u00e1cara dos Magalh\u00e3es","og_description":"Su\u00edte com beliche, cama de casal e janela com vista para a entrada do sal\u00e3o.","og_url":"https:\/\/mfmagalhaes.com.br\/localparaevento\/acomodacoes\/suite\/","og_site_name":"Ch\u00e1cara dos Magalh\u00e3es","article_modified_time":"2026-01-24T23:27:15+00:00","og_image":[{"width":1600,"height":900,"url":"https:\/\/mfmagalhaes.com.br\/localparaevento\/wp-content\/uploads\/2021\/12\/suite.jpeg","type":"image\/jpeg"}],"twitter_card":"summary_large_image","twitter_misc":{"Est. tempo de leitura":"1 minuto"},"schema":{"@context":"https:\/\/schema.org","@graph":[{"@type":"WebPage","@id":"https:\/\/mfmagalhaes.com.br\/localparaevento\/acomodacoes\/suite\/","url":"https:\/\/mfmagalhaes.com.br\/localparaevento\/acomodacoes\/suite\/","name":"Su\u00edte - Ch\u00e1cara dos Magalh\u00e3es","isPartOf":{"@id":"https:\/\/mfmagalhaes.com.br\/localparaevento\/#website"},"primaryImageOfPage":{"@id":"https:\/\/mfmagalhaes.com.br\/localparaevento\/acomodacoes\/suite\/#primaryimage"},"image":{"@id":"https:\/\/mfmagalhaes.com.br\/localparaevento\/acomodacoes\/suite\/#primaryimage"},"thumbnailUrl":"https:\/\/mfmagalhaes.com.br\/localparaevento\/wp-content\/uploads\/2021\/12\/suite.jpeg","datePublished":"2021-12-13T15:40:55+00:00","dateModified":"2026-01-24T23:27:15+00:00","description":"Su\u00edte com beliche, cama de casal e janela com vista para a entrada do sal\u00e3o.","breadcrumb":{"@id":"https:\/\/mfmagalhaes.com.br\/localparaevento\/acomodacoes\/suite\/#breadcrumb"},"inLanguage":"pt-BR","potentialAction":[{"@type":"ReadAction","target":["https:\/\/mfmagalhaes.com.br\/localparaevento\/acomodacoes\/suite\/"]}]},{"@type":"ImageObject","inLanguage":"pt-BR","@id":"https:\/\/mfmagalhaes.com.br\/localparaevento\/acomodacoes\/suite\/#primaryimage","url":"https:\/\/mfmagalhaes.com.br\/localparaevento\/wp-content\/uploads\/2021\/12\/suite.jpeg","contentUrl":"https:\/\/mfmagalhaes.com.br\/localparaevento\/wp-content\/uploads\/2021\/12\/suite.jpeg","width":1600,"height":900},{"@type":"BreadcrumbList","@id":"https:\/\/mfmagalhaes.com.br\/localparaevento\/acomodacoes\/suite\/#breadcrumb","itemListElement":[{"@type":"ListItem","position":1,"name":"Home","item":"https:\/\/mfmagalhaes.com.br\/localparaevento\/"},{"@type":"ListItem","position":2,"name":"Informativos","item":"https:\/\/mfmagalhaes.com.br\/localparaevento\/informativos\/"},{"@type":"ListItem","position":3,"name":"Su\u00edte"}]},{"@type":"WebSite","@id":"https:\/\/mfmagalhaes.com.br\/localparaevento\/#website","url":"https:\/\/mfmagalhaes.com.br\/localparaevento\/","name":"Ch\u00e1cara dos Magalh\u00e3es","description":"O seu local para evento e lazer","publisher":{"@id":"https:\/\/mfmagalhaes.com.br\/localparaevento\/#organization"},"potentialAction":[{"@type":"SearchAction","target":{"@type":"EntryPoint","urlTemplate":"https:\/\/mfmagalhaes.com.br\/localparaevento\/?s={search_term_string}"},"query-input":{"@type":"PropertyValueSpecification","valueRequired":true,"valueName":"search_term_string"}}],"inLanguage":"pt-BR"},{"@type":"Organization","@id":"https:\/\/mfmagalhaes.com.br\/localparaevento\/#organization","name":"Ch\u00e1cara dos Magalh\u00e3es","url":"https:\/\/mfmagalhaes.com.br\/localparaevento\/","logo":{"@type":"ImageObject","inLanguage":"pt-BR","@id":"https:\/\/mfmagalhaes.com.br\/localparaevento\/#\/schema\/logo\/image\/","url":"https:\/\/mfmagalhaes.com.br\/localparaevento\/wp-content\/uploads\/2026\/01\/cropped-cropped-projeto-do-molde-do-logotipo_1222-851.jpg","contentUrl":"https:\/\/mfmagalhaes.com.br\/localparaevento\/wp-content\/uploads\/2026\/01\/cropped-cropped-projeto-do-molde-do-logotipo_1222-851.jpg","width":512,"height":512,"caption":"Ch\u00e1cara dos Magalh\u00e3es"},"image":{"@id":"https:\/\/mfmagalhaes.com.br\/localparaevento\/#\/schema\/logo\/image\/"}}]}},"_links":{"self":[{"href":"https:\/\/mfmagalhaes.com.br\/localparaevento\/wp-json\/wp\/v2\/product\/77","targetHints":{"allow":["GET"]}}],"collection":[{"href":"https:\/\/mfmagalhaes.com.br\/localparaevento\/wp-json\/wp\/v2\/product"}],"about":[{"href":"https:\/\/mfmagalhaes.com.br\/localparaevento\/wp-json\/wp\/v2\/types\/product"}],"replies":[{"embeddable":true,"href":"https:\/\/mfmagalhaes.com.br\/localparaevento\/wp-json\/wp\/v2\/comments?post=77"}],"wp:featuredmedia":[{"embeddable":true,"href":"https:\/\/mfmagalhaes.com.br\/localparaevento\/wp-json\/wp\/v2\/media\/1529"}],"wp:attachment":[{"href":"https:\/\/mfmagalhaes.com.br\/localparaevento\/wp-json\/wp\/v2\/media?parent=77"}],"wp:term":[{"taxonomy":"product_brand","embeddable":true,"href":"https:\/\/mfmagalhaes.com.br\/localparaevento\/wp-json\/wp\/v2\/product_brand?post=77"},{"taxonomy":"product_cat","embeddable":true,"href":"https:\/\/mfmagalhaes.com.br\/localparaevento\/wp-json\/wp\/v2\/product_cat?post=77"},{"taxonomy":"product_tag","embeddable":true,"href":"https:\/\/mfmagalhaes.com.br\/localparaevento\/wp-json\/wp\/v2\/product_tag?post=77"}],"curies":[{"name":"wp","href":"https:\/\/api.w.org\/{rel}","templated":true}]}}